{"id":294,"date":"2022-06-01T19:19:56","date_gmt":"2022-06-01T17:19:56","guid":{"rendered":"http:\/\/lindvikmedia.space\/?page_id=294"},"modified":"2023-09-19T13:49:26","modified_gmt":"2023-09-19T11:49:26","slug":"what-i-do","status":"publish","type":"page","link":"https:\/\/felixlindvik.com\/sv\/what-i-do\/","title":{"rendered":"Tj\u00e4nster"},"content":{"rendered":"<p>H\u00e4r kan du l\u00e4sa mer om de tj\u00e4nster jag erbjuder. Om du inte hittar det du s\u00f6ker eller \u00e4r os\u00e4ker \u00f6ver om jag kan hj\u00e4lpa just dig, tveka inte att ta kontakt s\u00e5 diskuterar vi olika l\u00f6sningar tillsammans! Jag s\u00e4ger s\u00e4llan nej till att testa nya utmaningar tillsammans med kunden!<\/p>\n\n\n\n<h2 class=\"wp-block-heading\"><strong>Fotografering<\/strong><\/h2>\n\n\n\n<p>Jag \u00e4r specialiserad inom portr\u00e4tt- och evenemangsfotografering, men bara fantasin s\u00e4tter gr\u00e4nser. Oavsett om du beh\u00f6ver ett personligt portr\u00e4tt eller en fotograf till en konsert hj\u00e4lper jag dig att f\u00e5nga of\u00f6rgl\u00f6mliga \u00f6gonblick.<\/p>\n\n\n\n<p><a href=\"https:\/\/felixlindvik.com\/sv\/what-i-do\/photography\/\" data-type=\"page\" data-id=\"1287\">Continue Reading&#8230;<\/a><\/p>\n\n\n\n<h2 class=\"wp-block-heading\"><strong>Grafisk design &amp; Branding<\/strong><\/h2>\n\n\n\n<p>Visste du att en visuell identitet \u00e4r A och O f\u00f6r ett f\u00f6retag? Jag Hj\u00e4lper dig utforma en modern och unik visuell stil som \u00e4r skr\u00e4ddarsydd just f\u00f6r dig eller ditt f\u00f6retag. Jag tar ocks\u00e5 p\u00e5 mig mindre projekt som tangerar grafisk utformning och design.<\/p>\n\n\n\n<p><a href=\"https:\/\/felixlindvik.com\/sv\/what-i-do\/graphical-design-branding\/\" data-type=\"page\" data-id=\"1289\">Continue Reading&#8230;<\/a><\/p>\n\n\n\n<p><\/p>\n\n\n\n<h2 class=\"wp-block-heading\"><strong>Webbutveckling<\/strong><\/h2>\n\n\n\n<p>Varje f\u00f6retag beh\u00f6ver en egen hemsida! Jag arbetar tillsammans med kunden f\u00f6r att uforma en skr\u00e4ddarsydd l\u00f6sning f\u00f6r varje enskild kunds behov. Fokus ligger p\u00e5 l\u00e4ttanv\u00e4ndlighet och en stilren visuell upplevelse.<\/p>\n\n\n\n<p><a href=\"https:\/\/felixlindvik.com\/sv\/what-i-do\/web-development\/\" data-type=\"page\" data-id=\"1291\">Continue Reading&#8230;<\/a><\/p>\n\n\n\n<p><\/p>\n\n\n\n<h3 class=\"wp-block-heading\"><strong>Beh\u00f6ver du n\u00e5got annat?<\/strong><\/h3>\n\n\n\n<p>Hittade du inte exakt vad du letade efter? Min e-post \u00e4r alltid \u00f6ppen f\u00f6r fr\u00e5gor och f\u00f6rfr\u00e5gningar, vi kan s\u00e4kert hitta p\u00e5 n\u00e5got \u00e4ven f\u00f6r dig!<\/p>\n\n\n\n<p><strong><a href=\"https:\/\/felixlindvik.com\/sv\/contact-me\/\" data-type=\"page\" data-id=\"53\">Ta kontakt!<\/a><\/strong><\/p>","protected":false},"excerpt":{"rendered":"<p>Here you can read more about the services i provide. If you can&#8217;t find what you&#8217;re looking for here, feel free to reach out &#8211; I rarely turn down a opportunity to try something new together! Photography I&#8217;m specialised in portrait- and event photography &#8211; but the sky is the limit. Regardless of whether it [&hellip;]<\/p>\n","protected":false},"author":1,"featured_media":1302,"parent":0,"menu_order":0,"comment_status":"closed","ping_status":"closed","template":"","meta":{"_editorskit_title_hidden":false,"_editorskit_reading_time":0,"_editorskit_is_block_options_detached":false,"_editorskit_block_options_position":"{}","footnotes":""},"class_list":["post-294","page","type-page","status-publish","has-post-thumbnail","hentry"],"_links":{"self":[{"href":"https:\/\/felixlindvik.com\/sv\/wp-json\/wp\/v2\/pages\/294","targetHints":{"allow":["GET"]}}],"collection":[{"href":"https:\/\/felixlindvik.com\/sv\/wp-json\/wp\/v2\/pages"}],"about":[{"href":"https:\/\/felixlindvik.com\/sv\/wp-json\/wp\/v2\/types\/page"}],"author":[{"embeddable":true,"href":"https:\/\/felixlindvik.com\/sv\/wp-json\/wp\/v2\/users\/1"}],"replies":[{"embeddable":true,"href":"https:\/\/felixlindvik.com\/sv\/wp-json\/wp\/v2\/comments?post=294"}],"version-history":[{"count":0,"href":"https:\/\/felixlindvik.com\/sv\/wp-json\/wp\/v2\/pages\/294\/revisions"}],"wp:featuredmedia":[{"embeddable":true,"href":"https:\/\/felixlindvik.com\/sv\/wp-json\/wp\/v2\/media\/1302"}],"wp:attachment":[{"href":"https:\/\/felixlindvik.com\/sv\/wp-json\/wp\/v2\/media?parent=294"}],"curies":[{"name":"wp","href":"https:\/\/api.w.org\/{rel}","templated":true}]}}