{"id":1291,"date":"2023-09-19T12:49:56","date_gmt":"2023-09-19T10:49:56","guid":{"rendered":"https:\/\/felixlindvik.com\/?page_id=1291"},"modified":"2023-09-19T13:45:16","modified_gmt":"2023-09-19T11:45:16","slug":"web-development","status":"publish","type":"page","link":"https:\/\/felixlindvik.com\/sv\/what-i-do\/web-development\/","title":{"rendered":"Webbutveckling"},"content":{"rendered":"<p>Varje f\u00f6retag beh\u00f6ver en hemsida. \u00c4ven privatpersoner beh\u00f6ver ibland en hemsida f\u00f6r att marknadsf\u00f6ra sina tj\u00e4nster, publicera blogginl\u00e4gg eller n\u00e5got annat.<\/p>\n\n\n\n<p>Oavsett vad ditt individuella behov \u00e4r jobbar jag tillsammans med dig f\u00f6r att framst\u00e4lla en modern och anv\u00e4ndarv\u00e4nlig hemsida. Fokus ligger p\u00e5 l\u00e4ttanv\u00e4ndlighet f\u00f6r b\u00e5de bes\u00f6kare och administrat\u00f6rer, samt en konsekvent, attraktiv visuell upplevelse.<\/p>\n\n\n\n<h3 class=\"wp-block-heading\"><strong>Har du redan en hemsida?<\/strong><\/h3>\n\n\n\n<p>Kontakta mig om du vill ha hj\u00e4lp att underh\u00e5lla eller uppdatera din befintliga hemsidas inneh\u00e5ll eller visuella element.<\/p>","protected":false},"excerpt":{"rendered":"<p>Every company needs a website, but also individuals sometimes need a page to showcase for example their work, publish blog posts or something else. Regardless of what you need, I work together with you to develop a modern and user friendly website, where the main focus lays on ease of use for both users and [&hellip;]<\/p>\n","protected":false},"author":1,"featured_media":1301,"parent":294,"menu_order":0,"comment_status":"closed","ping_status":"closed","template":"","meta":{"_editorskit_title_hidden":false,"_editorskit_reading_time":0,"_editorskit_is_block_options_detached":false,"_editorskit_block_options_position":"{}","footnotes":""},"class_list":["post-1291","page","type-page","status-publish","has-post-thumbnail","hentry"],"_links":{"self":[{"href":"https:\/\/felixlindvik.com\/sv\/wp-json\/wp\/v2\/pages\/1291","targetHints":{"allow":["GET"]}}],"collection":[{"href":"https:\/\/felixlindvik.com\/sv\/wp-json\/wp\/v2\/pages"}],"about":[{"href":"https:\/\/felixlindvik.com\/sv\/wp-json\/wp\/v2\/types\/page"}],"author":[{"embeddable":true,"href":"https:\/\/felixlindvik.com\/sv\/wp-json\/wp\/v2\/users\/1"}],"replies":[{"embeddable":true,"href":"https:\/\/felixlindvik.com\/sv\/wp-json\/wp\/v2\/comments?post=1291"}],"version-history":[{"count":0,"href":"https:\/\/felixlindvik.com\/sv\/wp-json\/wp\/v2\/pages\/1291\/revisions"}],"up":[{"embeddable":true,"href":"https:\/\/felixlindvik.com\/sv\/wp-json\/wp\/v2\/pages\/294"}],"wp:featuredmedia":[{"embeddable":true,"href":"https:\/\/felixlindvik.com\/sv\/wp-json\/wp\/v2\/media\/1301"}],"wp:attachment":[{"href":"https:\/\/felixlindvik.com\/sv\/wp-json\/wp\/v2\/media?parent=1291"}],"curies":[{"name":"wp","href":"https:\/\/api.w.org\/{rel}","templated":true}]}}