{"id":1287,"date":"2023-09-19T12:46:05","date_gmt":"2023-09-19T10:46:05","guid":{"rendered":"https:\/\/felixlindvik.com\/?page_id=1287"},"modified":"2023-09-20T21:06:26","modified_gmt":"2023-09-20T19:06:26","slug":"photography","status":"publish","type":"page","link":"https:\/\/felixlindvik.com\/sv\/what-i-do\/photography\/","title":{"rendered":"Fotografering"},"content":{"rendered":"<h2 class=\"wp-block-heading\"><strong>Evenemang &amp; Konsert<\/strong><\/h2>\n\n\n\n<p>Att organisera ett evenemang eller en konsert inneb\u00e4r alltid mycket arbete. D\u00e5 vill du ocks\u00e5 ha bilder som f\u00f6revigar minnet av det h\u00e5rda arbetet, och samtidigt ha material f\u00f6r framtida marknadsf\u00f6ring!<\/p>\n\n\n\n<p>Oavsett om du organiserar en konsert, ett evenemang eller andra samlingar \u00e4r foton ett oslagbart s\u00e4tt att f\u00f6reviga stunden.<\/p>\n\n\n\n<p>N\u00e5gra exempel:<\/p>\n\n\n\n<ul class=\"wp-block-list\">\n<li><a href=\"https:\/\/felixlindvik.com\/sv\/american-bluegrass-gospel-night-2023\/\" data-type=\"post\" data-id=\"1239\">American bluegrass gospel night 2023<\/a><\/li>\n\n\n\n<li><a href=\"https:\/\/felixlindvik.com\/sv\/alive\/\" data-type=\"post\" data-id=\"543\">Alive<\/a><\/li>\n\n\n\n<li><a href=\"https:\/\/felixlindvik.com\/sv\/vasa-nation-cxv\/\" data-type=\"post\" data-id=\"943\">Vasa nation CXV<\/a><\/li>\n<\/ul>\n\n\n\n<p><\/p>\n\n\n\n<h2 class=\"wp-block-heading\"><strong>Portr\u00e4tt<\/strong><\/h2>\n\n\n\n<p>Alla beh\u00f6ver n\u00e5gon g\u00e5ng ett bra portr\u00e4tt. Kanske firar du din examen, studentfest eller s\u00e5 beh\u00f6ver du ett formellt foto f\u00f6r ditt CV eller LinkedIn. Festligheter eller inte - ett bra portr\u00e4tt \u00e4r ofta ett minne f\u00f6r livet oavsett tillf\u00e4lle!<\/p>\n\n\n\n<p><\/p>\n\n\n\n<h2 class=\"wp-block-heading\"><strong>F\u00f6r f\u00f6retag<\/strong><\/h2>\n\n\n\n<p>Att som f\u00f6retag ha tillg\u00e5ng till h\u00f6gkvalitativa portr\u00e4tt av personal och verksamhet kan bevisligen \u00f6ka f\u00f6rs\u00e4ljningen och f\u00f6rb\u00e4ttra den generella uppfattningen om f\u00f6retaget!<\/p>\n\n\n\n<p>Jag samarbetar med b\u00e5de privatpersoner och f\u00f6retag  f\u00f6r att tillsammans producera enast\u00e5ende foton av b\u00e5de verksamhet och personal.<\/p>\n\n\n\n<p>H\u00e4r \u00e4r n\u00e5gra exempel:<\/p>\n\n\n\n<ul class=\"wp-block-list\">\n<li><a href=\"https:\/\/felixlindvik.com\/sv\/studio-photography\/\" data-type=\"post\" data-id=\"973\">Studio portraits<\/a><\/li>\n\n\n\n<li><a href=\"https:\/\/felixlindvik.com\/sv\/graduation-confirmation\/\" data-type=\"post\" data-id=\"1021\">Graduations and celebrations portraits<\/a><\/li>\n<\/ul>","protected":false},"excerpt":{"rendered":"<p>Events &amp; Concerts Organising an event or concert is a lot of work and when it&#8217;s over you&#8217;ll want to have something to look back on, or perhaps you need material for promotion of future events. Whether you&#8217;re organising a concert, event or other convention, photographs is a perfect way to capture the moment. Here [&hellip;]<\/p>\n","protected":false},"author":1,"featured_media":1304,"parent":294,"menu_order":0,"comment_status":"closed","ping_status":"closed","template":"","meta":{"_editorskit_title_hidden":false,"_editorskit_reading_time":0,"_editorskit_is_block_options_detached":false,"_editorskit_block_options_position":"{}","footnotes":""},"class_list":["post-1287","page","type-page","status-publish","has-post-thumbnail","hentry"],"_links":{"self":[{"href":"https:\/\/felixlindvik.com\/sv\/wp-json\/wp\/v2\/pages\/1287","targetHints":{"allow":["GET"]}}],"collection":[{"href":"https:\/\/felixlindvik.com\/sv\/wp-json\/wp\/v2\/pages"}],"about":[{"href":"https:\/\/felixlindvik.com\/sv\/wp-json\/wp\/v2\/types\/page"}],"author":[{"embeddable":true,"href":"https:\/\/felixlindvik.com\/sv\/wp-json\/wp\/v2\/users\/1"}],"replies":[{"embeddable":true,"href":"https:\/\/felixlindvik.com\/sv\/wp-json\/wp\/v2\/comments?post=1287"}],"version-history":[{"count":0,"href":"https:\/\/felixlindvik.com\/sv\/wp-json\/wp\/v2\/pages\/1287\/revisions"}],"up":[{"embeddable":true,"href":"https:\/\/felixlindvik.com\/sv\/wp-json\/wp\/v2\/pages\/294"}],"wp:featuredmedia":[{"embeddable":true,"href":"https:\/\/felixlindvik.com\/sv\/wp-json\/wp\/v2\/media\/1304"}],"wp:attachment":[{"href":"https:\/\/felixlindvik.com\/sv\/wp-json\/wp\/v2\/media?parent=1287"}],"curies":[{"name":"wp","href":"https:\/\/api.w.org\/{rel}","templated":true}]}}